{"id":299,"date":"2021-01-14T11:16:22","date_gmt":"2021-01-14T11:16:22","guid":{"rendered":"https:\/\/www.greenspace.lu\/home-page\/"},"modified":"2025-03-18T10:59:00","modified_gmt":"2025-03-18T10:59:00","slug":"home-page","status":"publish","type":"page","link":"https:\/\/www.greenspace.lu\/de\/","title":{"rendered":"Home"},"content":{"rendered":"","protected":false},"excerpt":{"rendered":"","protected":false},"author":1,"featured_media":0,"parent":0,"menu_order":0,"comment_status":"closed","ping_status":"closed","template":"","meta":{"inline_featured_image":false,"footnotes":""},"class_list":["post-299","page","type-page","status-publish","hentry"],"yoast_head":"<!-- This site is optimized with the Yoast SEO plugin v25.5 - https:\/\/yoast.com\/wordpress\/plugins\/seo\/ -->\n<title>Gartenlandschaftsbau, Au\u00dfengestaltung, Pflege Gr\u00fcnfl\u00e4chen, G\u00e4rtner - Green Space<\/title>\n<meta name=\"description\" content=\"Green Space ist Ihr Spezialist f\u00fcr die Planung, Gestaltung und Pflege von G\u00e4rten. J\u00e4hrliche Pflege- und individuelle Wartungsvertr\u00e4ge\" \/>\n<meta name=\"robots\" content=\"index, follow, max-snippet:-1, max-image-preview:large, max-video-preview:-1\" \/>\n<link rel=\"canonical\" href=\"https:\/\/www.greenspace.lu\/de\/\" \/>\n<meta property=\"og:locale\" content=\"de_DE\" \/>\n<meta property=\"og:type\" content=\"article\" \/>\n<meta property=\"og:title\" content=\"Gartenlandschaftsbau, Au\u00dfengestaltung, Pflege Gr\u00fcnfl\u00e4chen, G\u00e4rtner - Green Space\" \/>\n<meta property=\"og:description\" content=\"Green Space ist Ihr Spezialist f\u00fcr die Planung, Gestaltung und Pflege von G\u00e4rten. J\u00e4hrliche Pflege- und individuelle Wartungsvertr\u00e4ge\" \/>\n<meta property=\"og:url\" content=\"https:\/\/www.greenspace.lu\/de\/\" \/>\n<meta property=\"og:site_name\" content=\"Green Space\" \/>\n<meta property=\"article:modified_time\" content=\"2025-03-18T10:59:00+00:00\" \/>\n<meta name=\"twitter:card\" content=\"summary_large_image\" \/>\n<script type=\"application\/ld+json\" class=\"yoast-schema-graph\">{\"@context\":\"https:\/\/schema.org\",\"@graph\":[{\"@type\":\"WebPage\",\"@id\":\"https:\/\/www.greenspace.lu\/de\/\",\"url\":\"https:\/\/www.greenspace.lu\/de\/\",\"name\":\"Gartenlandschaftsbau, Au\u00dfengestaltung, Pflege Gr\u00fcnfl\u00e4chen, G\u00e4rtner - Green Space\",\"isPartOf\":{\"@id\":\"https:\/\/www.greenspace.lu\/de\/#website\"},\"datePublished\":\"2021-01-14T11:16:22+00:00\",\"dateModified\":\"2025-03-18T10:59:00+00:00\",\"description\":\"Green Space ist Ihr Spezialist f\u00fcr die Planung, Gestaltung und Pflege von G\u00e4rten. J\u00e4hrliche Pflege- und individuelle Wartungsvertr\u00e4ge\",\"breadcrumb\":{\"@id\":\"https:\/\/www.greenspace.lu\/de\/#breadcrumb\"},\"inLanguage\":\"de\",\"potentialAction\":[{\"@type\":\"ReadAction\",\"target\":[\"https:\/\/www.greenspace.lu\/de\/\"]}]},{\"@type\":\"BreadcrumbList\",\"@id\":\"https:\/\/www.greenspace.lu\/de\/#breadcrumb\",\"itemListElement\":[{\"@type\":\"ListItem\",\"position\":1,\"name\":\"Home\",\"item\":\"https:\/\/www.greenspace.lu\/de\/\"},{\"@type\":\"ListItem\",\"position\":2,\"name\":\"Home\"}]},{\"@type\":\"WebSite\",\"@id\":\"https:\/\/www.greenspace.lu\/de\/#website\",\"url\":\"https:\/\/www.greenspace.lu\/de\/\",\"name\":\"Green Space\",\"description\":\"Paysagiste - Am\u00e9nagement ext\u00e9rieur\",\"publisher\":{\"@id\":\"https:\/\/www.greenspace.lu\/de\/#organization\"},\"potentialAction\":[{\"@type\":\"SearchAction\",\"target\":{\"@type\":\"EntryPoint\",\"urlTemplate\":\"https:\/\/www.greenspace.lu\/de\/?s={search_term_string}\"},\"query-input\":{\"@type\":\"PropertyValueSpecification\",\"valueRequired\":true,\"valueName\":\"search_term_string\"}}],\"inLanguage\":\"de\"},{\"@type\":\"Organization\",\"@id\":\"https:\/\/www.greenspace.lu\/de\/#organization\",\"name\":\"Green Space\",\"url\":\"https:\/\/www.greenspace.lu\/de\/\",\"logo\":{\"@type\":\"ImageObject\",\"inLanguage\":\"de\",\"@id\":\"https:\/\/www.greenspace.lu\/de\/#\/schema\/logo\/image\/\",\"url\":\"https:\/\/www.greenspace.lu\/wp-content\/uploads\/2021\/02\/Green-Space-logo-02.svg\",\"contentUrl\":\"https:\/\/www.greenspace.lu\/wp-content\/uploads\/2021\/02\/Green-Space-logo-02.svg\",\"width\":115,\"height\":115,\"caption\":\"Green Space\"},\"image\":{\"@id\":\"https:\/\/www.greenspace.lu\/de\/#\/schema\/logo\/image\/\"}}]}<\/script>\n<!-- \/ Yoast SEO plugin. -->","yoast_head_json":{"title":"Gartenlandschaftsbau, Au\u00dfengestaltung, Pflege Gr\u00fcnfl\u00e4chen, G\u00e4rtner - Green Space","description":"Green Space ist Ihr Spezialist f\u00fcr die Planung, Gestaltung und Pflege von G\u00e4rten. J\u00e4hrliche Pflege- und individuelle Wartungsvertr\u00e4ge","robots":{"index":"index","follow":"follow","max-snippet":"max-snippet:-1","max-image-preview":"max-image-preview:large","max-video-preview":"max-video-preview:-1"},"canonical":"https:\/\/www.greenspace.lu\/de\/","og_locale":"de_DE","og_type":"article","og_title":"Gartenlandschaftsbau, Au\u00dfengestaltung, Pflege Gr\u00fcnfl\u00e4chen, G\u00e4rtner - Green Space","og_description":"Green Space ist Ihr Spezialist f\u00fcr die Planung, Gestaltung und Pflege von G\u00e4rten. J\u00e4hrliche Pflege- und individuelle Wartungsvertr\u00e4ge","og_url":"https:\/\/www.greenspace.lu\/de\/","og_site_name":"Green Space","article_modified_time":"2025-03-18T10:59:00+00:00","twitter_card":"summary_large_image","schema":{"@context":"https:\/\/schema.org","@graph":[{"@type":"WebPage","@id":"https:\/\/www.greenspace.lu\/de\/","url":"https:\/\/www.greenspace.lu\/de\/","name":"Gartenlandschaftsbau, Au\u00dfengestaltung, Pflege Gr\u00fcnfl\u00e4chen, G\u00e4rtner - Green Space","isPartOf":{"@id":"https:\/\/www.greenspace.lu\/de\/#website"},"datePublished":"2021-01-14T11:16:22+00:00","dateModified":"2025-03-18T10:59:00+00:00","description":"Green Space ist Ihr Spezialist f\u00fcr die Planung, Gestaltung und Pflege von G\u00e4rten. J\u00e4hrliche Pflege- und individuelle Wartungsvertr\u00e4ge","breadcrumb":{"@id":"https:\/\/www.greenspace.lu\/de\/#breadcrumb"},"inLanguage":"de","potentialAction":[{"@type":"ReadAction","target":["https:\/\/www.greenspace.lu\/de\/"]}]},{"@type":"BreadcrumbList","@id":"https:\/\/www.greenspace.lu\/de\/#breadcrumb","itemListElement":[{"@type":"ListItem","position":1,"name":"Home","item":"https:\/\/www.greenspace.lu\/de\/"},{"@type":"ListItem","position":2,"name":"Home"}]},{"@type":"WebSite","@id":"https:\/\/www.greenspace.lu\/de\/#website","url":"https:\/\/www.greenspace.lu\/de\/","name":"Green Space","description":"Paysagiste - Am\u00e9nagement ext\u00e9rieur","publisher":{"@id":"https:\/\/www.greenspace.lu\/de\/#organization"},"potentialAction":[{"@type":"SearchAction","target":{"@type":"EntryPoint","urlTemplate":"https:\/\/www.greenspace.lu\/de\/?s={search_term_string}"},"query-input":{"@type":"PropertyValueSpecification","valueRequired":true,"valueName":"search_term_string"}}],"inLanguage":"de"},{"@type":"Organization","@id":"https:\/\/www.greenspace.lu\/de\/#organization","name":"Green Space","url":"https:\/\/www.greenspace.lu\/de\/","logo":{"@type":"ImageObject","inLanguage":"de","@id":"https:\/\/www.greenspace.lu\/de\/#\/schema\/logo\/image\/","url":"https:\/\/www.greenspace.lu\/wp-content\/uploads\/2021\/02\/Green-Space-logo-02.svg","contentUrl":"https:\/\/www.greenspace.lu\/wp-content\/uploads\/2021\/02\/Green-Space-logo-02.svg","width":115,"height":115,"caption":"Green Space"},"image":{"@id":"https:\/\/www.greenspace.lu\/de\/#\/schema\/logo\/image\/"}}]}},"_links":{"self":[{"href":"https:\/\/www.greenspace.lu\/de\/wp-json\/wp\/v2\/pages\/299","targetHints":{"allow":["GET"]}}],"collection":[{"href":"https:\/\/www.greenspace.lu\/de\/wp-json\/wp\/v2\/pages"}],"about":[{"href":"https:\/\/www.greenspace.lu\/de\/wp-json\/wp\/v2\/types\/page"}],"author":[{"embeddable":true,"href":"https:\/\/www.greenspace.lu\/de\/wp-json\/wp\/v2\/users\/1"}],"replies":[{"embeddable":true,"href":"https:\/\/www.greenspace.lu\/de\/wp-json\/wp\/v2\/comments?post=299"}],"version-history":[{"count":33,"href":"https:\/\/www.greenspace.lu\/de\/wp-json\/wp\/v2\/pages\/299\/revisions"}],"predecessor-version":[{"id":627,"href":"https:\/\/www.greenspace.lu\/de\/wp-json\/wp\/v2\/pages\/299\/revisions\/627"}],"wp:attachment":[{"href":"https:\/\/www.greenspace.lu\/de\/wp-json\/wp\/v2\/media?parent=299"}],"curies":[{"name":"wp","href":"https:\/\/api.w.org\/{rel}","templated":true}]}}